{"id":872,"date":"2023-03-06T12:08:56","date_gmt":"2023-03-06T11:08:56","guid":{"rendered":"https:\/\/www.cromovens.hr\/vrt-sv-lovre\/"},"modified":"2023-06-05T10:57:46","modified_gmt":"2023-06-05T08:57:46","slug":"vrt-sv-lovre","status":"publish","type":"page","link":"https:\/\/www.cromovens.hr\/en\/vrt-sv-lovre\/","title":{"rendered":"Vrt sv. Lovre"},"content":{"rendered":"<p>U srcu stare jezgre \u0160ibenika skriva se Srednjovjekovni samostanski mediteranski vrt sv. Lovre. Nakon obnove 2007. Vrt je postao nezaobilazna turisti\u010dka destinacija, kako za turiste tako i za organizirane posjete grupa. Kulturolo\u0161ka vrijednost i njegova ljepota su prepoznati u gotovo \u010ditavom svijetu, stoga je Vrt dobitnik brojnih turisti\u010dkih nagrada, ponajvi\u0161e od Hrvatske turisti\u010dke zajednice, HRTV, MZOS-a i dr. Jedna od novijih nagrada koju je dobio Zvonko Pe\u0161i\u0107 autor projekta i obnove vrta Sv. Lovre je Plavi cvijet za inovativnost te EKO OSCAR kojeg dodjeljuje Ministarstvo za\u0161tite okoli\u0161a i prirode kao najve\u0107u dr\u017eavnu nagradu na podru\u010dju za\u0161tite prirode i okoli\u0161a.<\/p>\n","protected":false},"excerpt":{"rendered":"<p>U srcu stare jezgre \u0160ibenika skriva se Srednjovjekovni samostanski mediteranski vrt sv. Lovre. Nakon obnove 2007. Vrt je postao nezaobilazna turisti\u010dka destinacija, kako za turiste tako i za organizirane posjete grupa. Kulturolo\u0161ka vrijednost i njegova [&#8230;]<\/p>\n<p><a class=\"btn btn-secondary virtualna-read-more-link\" href=\"https:\/\/www.cromovens.hr\/en\/vrt-sv-lovre\/\">Read More&#8230;<span class=\"screen-reader-text\"> from Vrt sv. Lovre<\/span><\/a><\/p>\n","protected":false},"author":1,"featured_media":719,"parent":0,"menu_order":0,"comment_status":"closed","ping_status":"closed","template":"page-templates\/vrt.php","meta":{"_acf_changed":false,"inline_featured_image":false,"footnotes":""},"class_list":["post-872","page","type-page","status-publish","has-post-thumbnail","hentry"],"acf":[],"yoast_head":"<!-- This site is optimized with the Yoast SEO plugin v25.5 - https:\/\/yoast.com\/wordpress\/plugins\/seo\/ -->\n<title>Vrt sv. Hostel<\/title>\n<meta name=\"description\" content=\"Vrt sv. Lovre, srednjovjekovni samostanski mediteranski vrt, skriven u srcu stare jezgre \u0160ibenika dobitnik je brojnih turisti\u010dkih nagrada.\" \/>\n<meta name=\"robots\" content=\"index, follow, max-snippet:-1, max-image-preview:large, max-video-preview:-1\" \/>\n<link rel=\"canonical\" href=\"https:\/\/www.cromovens.hr\/en\/vrt-sv-lovre\/\" \/>\n<meta property=\"og:locale\" content=\"en_US\" \/>\n<meta property=\"og:type\" content=\"article\" \/>\n<meta property=\"og:title\" content=\"Vrt sv. Hostel\" \/>\n<meta property=\"og:description\" content=\"Vrt sv. Lovre, srednjovjekovni samostanski mediteranski vrt, skriven u srcu stare jezgre \u0160ibenika dobitnik je brojnih turisti\u010dkih nagrada.\" \/>\n<meta property=\"og:url\" content=\"https:\/\/www.cromovens.hr\/en\/vrt-sv-lovre\/\" \/>\n<meta property=\"og:site_name\" content=\"CroMovens\" \/>\n<meta property=\"article:modified_time\" content=\"2023-06-05T08:57:46+00:00\" \/>\n<meta property=\"og:image\" content=\"https:\/\/www.cromovens.hr\/wp-content\/uploads\/2023\/03\/vrt-header.jpg\" \/>\n\t<meta property=\"og:image:width\" content=\"1920\" \/>\n\t<meta property=\"og:image:height\" content=\"525\" \/>\n\t<meta property=\"og:image:type\" content=\"image\/jpeg\" \/>\n<meta name=\"twitter:card\" content=\"summary_large_image\" \/>\n<meta name=\"twitter:label1\" content=\"Est. reading time\" \/>\n\t<meta name=\"twitter:data1\" content=\"1 minute\" \/>\n<script type=\"application\/ld+json\" class=\"yoast-schema-graph\">{\"@context\":\"https:\/\/schema.org\",\"@graph\":[{\"@type\":\"WebPage\",\"@id\":\"https:\/\/www.cromovens.hr\/en\/vrt-sv-lovre\/\",\"url\":\"https:\/\/www.cromovens.hr\/en\/vrt-sv-lovre\/\",\"name\":\"Vrt sv. Hostel\",\"isPartOf\":{\"@id\":\"https:\/\/www.cromovens.hr\/en\/#website\"},\"primaryImageOfPage\":{\"@id\":\"https:\/\/www.cromovens.hr\/en\/vrt-sv-lovre\/#primaryimage\"},\"image\":{\"@id\":\"https:\/\/www.cromovens.hr\/en\/vrt-sv-lovre\/#primaryimage\"},\"thumbnailUrl\":\"https:\/\/www.cromovens.hr\/wp-content\/uploads\/2023\/03\/vrt-header.jpg\",\"datePublished\":\"2023-03-06T11:08:56+00:00\",\"dateModified\":\"2023-06-05T08:57:46+00:00\",\"description\":\"Vrt sv. Lovre, srednjovjekovni samostanski mediteranski vrt, skriven u srcu stare jezgre \u0160ibenika dobitnik je brojnih turisti\u010dkih nagrada.\",\"breadcrumb\":{\"@id\":\"https:\/\/www.cromovens.hr\/en\/vrt-sv-lovre\/#breadcrumb\"},\"inLanguage\":\"en-US\",\"potentialAction\":[{\"@type\":\"ReadAction\",\"target\":[\"https:\/\/www.cromovens.hr\/en\/vrt-sv-lovre\/\"]}]},{\"@type\":\"ImageObject\",\"inLanguage\":\"en-US\",\"@id\":\"https:\/\/www.cromovens.hr\/en\/vrt-sv-lovre\/#primaryimage\",\"url\":\"https:\/\/www.cromovens.hr\/wp-content\/uploads\/2023\/03\/vrt-header.jpg\",\"contentUrl\":\"https:\/\/www.cromovens.hr\/wp-content\/uploads\/2023\/03\/vrt-header.jpg\",\"width\":1920,\"height\":525},{\"@type\":\"BreadcrumbList\",\"@id\":\"https:\/\/www.cromovens.hr\/en\/vrt-sv-lovre\/#breadcrumb\",\"itemListElement\":[{\"@type\":\"ListItem\",\"position\":1,\"name\":\"Home\",\"item\":\"https:\/\/www.cromovens.hr\/en\/homepage\/\"},{\"@type\":\"ListItem\",\"position\":2,\"name\":\"Vrt sv. Lovre\"}]},{\"@type\":\"WebSite\",\"@id\":\"https:\/\/www.cromovens.hr\/en\/#website\",\"url\":\"https:\/\/www.cromovens.hr\/en\/\",\"name\":\"CroMovens\",\"description\":\"\",\"publisher\":{\"@id\":\"https:\/\/www.cromovens.hr\/en\/#organization\"},\"potentialAction\":[{\"@type\":\"SearchAction\",\"target\":{\"@type\":\"EntryPoint\",\"urlTemplate\":\"https:\/\/www.cromovens.hr\/en\/?s={search_term_string}\"},\"query-input\":{\"@type\":\"PropertyValueSpecification\",\"valueRequired\":true,\"valueName\":\"search_term_string\"}}],\"inLanguage\":\"en-US\"},{\"@type\":\"Organization\",\"@id\":\"https:\/\/www.cromovens.hr\/en\/#organization\",\"name\":\"CroMovens\",\"url\":\"https:\/\/www.cromovens.hr\/en\/\",\"logo\":{\"@type\":\"ImageObject\",\"inLanguage\":\"en-US\",\"@id\":\"https:\/\/www.cromovens.hr\/en\/#\/schema\/logo\/image\/\",\"url\":\"https:\/\/www.cromovens.hr\/wp-content\/uploads\/2023\/02\/Cromovens.svg\",\"contentUrl\":\"https:\/\/www.cromovens.hr\/wp-content\/uploads\/2023\/02\/Cromovens.svg\",\"width\":\"1024\",\"height\":\"1024\",\"caption\":\"CroMovens\"},\"image\":{\"@id\":\"https:\/\/www.cromovens.hr\/en\/#\/schema\/logo\/image\/\"}}]}<\/script>\n<!-- \/ Yoast SEO plugin. -->","yoast_head_json":{"title":"Vrt sv. Hostel","description":"Vrt sv. Lovre, srednjovjekovni samostanski mediteranski vrt, skriven u srcu stare jezgre \u0160ibenika dobitnik je brojnih turisti\u010dkih nagrada.","robots":{"index":"index","follow":"follow","max-snippet":"max-snippet:-1","max-image-preview":"max-image-preview:large","max-video-preview":"max-video-preview:-1"},"canonical":"https:\/\/www.cromovens.hr\/en\/vrt-sv-lovre\/","og_locale":"en_US","og_type":"article","og_title":"Vrt sv. Hostel","og_description":"Vrt sv. Lovre, srednjovjekovni samostanski mediteranski vrt, skriven u srcu stare jezgre \u0160ibenika dobitnik je brojnih turisti\u010dkih nagrada.","og_url":"https:\/\/www.cromovens.hr\/en\/vrt-sv-lovre\/","og_site_name":"CroMovens","article_modified_time":"2023-06-05T08:57:46+00:00","og_image":[{"width":1920,"height":525,"url":"https:\/\/www.cromovens.hr\/wp-content\/uploads\/2023\/03\/vrt-header.jpg","type":"image\/jpeg"}],"twitter_card":"summary_large_image","twitter_misc":{"Est. reading time":"1 minute"},"schema":{"@context":"https:\/\/schema.org","@graph":[{"@type":"WebPage","@id":"https:\/\/www.cromovens.hr\/en\/vrt-sv-lovre\/","url":"https:\/\/www.cromovens.hr\/en\/vrt-sv-lovre\/","name":"Vrt sv. Hostel","isPartOf":{"@id":"https:\/\/www.cromovens.hr\/en\/#website"},"primaryImageOfPage":{"@id":"https:\/\/www.cromovens.hr\/en\/vrt-sv-lovre\/#primaryimage"},"image":{"@id":"https:\/\/www.cromovens.hr\/en\/vrt-sv-lovre\/#primaryimage"},"thumbnailUrl":"https:\/\/www.cromovens.hr\/wp-content\/uploads\/2023\/03\/vrt-header.jpg","datePublished":"2023-03-06T11:08:56+00:00","dateModified":"2023-06-05T08:57:46+00:00","description":"Vrt sv. Lovre, srednjovjekovni samostanski mediteranski vrt, skriven u srcu stare jezgre \u0160ibenika dobitnik je brojnih turisti\u010dkih nagrada.","breadcrumb":{"@id":"https:\/\/www.cromovens.hr\/en\/vrt-sv-lovre\/#breadcrumb"},"inLanguage":"en-US","potentialAction":[{"@type":"ReadAction","target":["https:\/\/www.cromovens.hr\/en\/vrt-sv-lovre\/"]}]},{"@type":"ImageObject","inLanguage":"en-US","@id":"https:\/\/www.cromovens.hr\/en\/vrt-sv-lovre\/#primaryimage","url":"https:\/\/www.cromovens.hr\/wp-content\/uploads\/2023\/03\/vrt-header.jpg","contentUrl":"https:\/\/www.cromovens.hr\/wp-content\/uploads\/2023\/03\/vrt-header.jpg","width":1920,"height":525},{"@type":"BreadcrumbList","@id":"https:\/\/www.cromovens.hr\/en\/vrt-sv-lovre\/#breadcrumb","itemListElement":[{"@type":"ListItem","position":1,"name":"Home","item":"https:\/\/www.cromovens.hr\/en\/homepage\/"},{"@type":"ListItem","position":2,"name":"Vrt sv. Lovre"}]},{"@type":"WebSite","@id":"https:\/\/www.cromovens.hr\/en\/#website","url":"https:\/\/www.cromovens.hr\/en\/","name":"CroMovens","description":"","publisher":{"@id":"https:\/\/www.cromovens.hr\/en\/#organization"},"potentialAction":[{"@type":"SearchAction","target":{"@type":"EntryPoint","urlTemplate":"https:\/\/www.cromovens.hr\/en\/?s={search_term_string}"},"query-input":{"@type":"PropertyValueSpecification","valueRequired":true,"valueName":"search_term_string"}}],"inLanguage":"en-US"},{"@type":"Organization","@id":"https:\/\/www.cromovens.hr\/en\/#organization","name":"CroMovens","url":"https:\/\/www.cromovens.hr\/en\/","logo":{"@type":"ImageObject","inLanguage":"en-US","@id":"https:\/\/www.cromovens.hr\/en\/#\/schema\/logo\/image\/","url":"https:\/\/www.cromovens.hr\/wp-content\/uploads\/2023\/02\/Cromovens.svg","contentUrl":"https:\/\/www.cromovens.hr\/wp-content\/uploads\/2023\/02\/Cromovens.svg","width":"1024","height":"1024","caption":"CroMovens"},"image":{"@id":"https:\/\/www.cromovens.hr\/en\/#\/schema\/logo\/image\/"}}]}},"_links":{"self":[{"href":"https:\/\/www.cromovens.hr\/en\/wp-json\/wp\/v2\/pages\/872","targetHints":{"allow":["GET"]}}],"collection":[{"href":"https:\/\/www.cromovens.hr\/en\/wp-json\/wp\/v2\/pages"}],"about":[{"href":"https:\/\/www.cromovens.hr\/en\/wp-json\/wp\/v2\/types\/page"}],"author":[{"embeddable":true,"href":"https:\/\/www.cromovens.hr\/en\/wp-json\/wp\/v2\/users\/1"}],"replies":[{"embeddable":true,"href":"https:\/\/www.cromovens.hr\/en\/wp-json\/wp\/v2\/comments?post=872"}],"version-history":[{"count":2,"href":"https:\/\/www.cromovens.hr\/en\/wp-json\/wp\/v2\/pages\/872\/revisions"}],"predecessor-version":[{"id":940,"href":"https:\/\/www.cromovens.hr\/en\/wp-json\/wp\/v2\/pages\/872\/revisions\/940"}],"wp:featuredmedia":[{"embeddable":true,"href":"https:\/\/www.cromovens.hr\/en\/wp-json\/wp\/v2\/media\/719"}],"wp:attachment":[{"href":"https:\/\/www.cromovens.hr\/en\/wp-json\/wp\/v2\/media?parent=872"}],"curies":[{"name":"wp","href":"https:\/\/api.w.org\/{rel}","templated":true}]}}