{"id":870,"date":"2023-03-06T16:51:27","date_gmt":"2023-03-06T15:51:27","guid":{"rendered":"https:\/\/www.cromovens.hr\/ucenicki-servis\/"},"modified":"2023-05-11T20:40:58","modified_gmt":"2023-05-11T18:40:58","slug":"ucenicki-servis","status":"publish","type":"page","link":"https:\/\/www.cromovens.hr\/en\/ucenicki-servis\/","title":{"rendered":"U\u010deni\u010dki servis"},"content":{"rendered":"<p>\u010clanovi u\u010deni\u010dkog servisa mogu biti svi redovni u\u010denici srednjih \u0161kola \u0160ibensko \u2013 kninske \u017eupanije, a koji imaju navr\u0161enih 15. godina. U servis se mo\u017eete u\u010dlaniti tijekom cijele godine.<\/p>\n<h2>POTREBNA DOKUMENTACIJA ZA U\u010cLANJENJE U SERVIS<\/h2>\n<p>Navedenu dokumentaciju za u\u010dlanjenje mo\u017eete dostaviti osobno u servis, poslati po\u0161tom na adresu servisa ili skeniranu dokumentaciju poslati na e-mail servisa (gimnazija@spg.hr) tijekom cijele godine.<\/p>\n<ul>\n<li>ORIGINALNA \u0160KOLSKA POTVRDA ZA TEKU\u0106U \u0160KOLSKU GODINI (svrha: OSTVARIVANJE PRAVA KOD SEZONSKOG ZAPOSLENJA U\u010cENIKA) ILI E-POTVRDA PREUZETA sa e-Dnevnik na poveznici <a href=\"https:\/\/ocjene.skole.hr\">https:\/\/ocjene.skole.hr<\/a> (svrha: OSTVARIVANJE PRAVA KOD SEZONSKOG ZAPOSLENJA U\u010cENIKA).<\/li>\n<li>OIB<\/li>\n<li>OSOBNA ISKAZNICA<\/li>\n<li>OSOBNI \u017dIRO RA\u010cUN (fotokopija potvrde o IBAN-u \u017dIRO RA\u010cUNA ili ugovor)<\/li>\n<li>ISPUNJENA SUGLASNOST ZA RAD I OBRADU PODATAKA (maloljetnim u\u010denicima suglasnost mora supotpisati jedan roditelj (otac ili majka) ili skrbnik)<\/li>\n<\/ul>\n","protected":false},"excerpt":{"rendered":"<p>\u010clanovi u\u010deni\u010dkog servisa mogu biti svi redovni u\u010denici srednjih \u0161kola \u0160ibensko \u2013 kninske \u017eupanije, a koji imaju navr\u0161enih 15. godina. U servis se mo\u017eete u\u010dlaniti tijekom cijele godine. POTREBNA DOKUMENTACIJA ZA U\u010cLANJENJE U SERVIS Navedenu [&#8230;]<\/p>\n<p><a class=\"btn btn-secondary virtualna-read-more-link\" href=\"https:\/\/www.cromovens.hr\/en\/ucenicki-servis\/\">Read More&#8230;<span class=\"screen-reader-text\"> from U\u010deni\u010dki servis<\/span><\/a><\/p>\n","protected":false},"author":1,"featured_media":765,"parent":0,"menu_order":0,"comment_status":"closed","ping_status":"closed","template":"page-templates\/ucenicki-servis.php","meta":{"_acf_changed":false,"inline_featured_image":false,"footnotes":""},"class_list":["post-870","page","type-page","status-publish","has-post-thumbnail","hentry"],"acf":[],"yoast_head":"<!-- This site is optimized with the Yoast SEO plugin v25.5 - https:\/\/yoast.com\/wordpress\/plugins\/seo\/ -->\n<title>U\u010deni\u010dki servis - CroMovens<\/title>\n<meta name=\"robots\" content=\"index, follow, max-snippet:-1, max-image-preview:large, max-video-preview:-1\" \/>\n<link rel=\"canonical\" href=\"https:\/\/www.cromovens.hr\/en\/ucenicki-servis\/\" \/>\n<meta property=\"og:locale\" content=\"en_US\" \/>\n<meta property=\"og:type\" content=\"article\" \/>\n<meta property=\"og:title\" content=\"U\u010deni\u010dki servis - CroMovens\" \/>\n<meta property=\"og:description\" content=\"\u010clanovi u\u010deni\u010dkog servisa mogu biti svi redovni u\u010denici srednjih \u0161kola \u0160ibensko \u2013 kninske \u017eupanije, a koji imaju navr\u0161enih 15. godina. U servis se mo\u017eete u\u010dlaniti tijekom cijele godine. POTREBNA DOKUMENTACIJA ZA U\u010cLANJENJE U SERVIS Navedenu [...]Read More... from U\u010deni\u010dki servis\" \/>\n<meta property=\"og:url\" content=\"https:\/\/www.cromovens.hr\/en\/ucenicki-servis\/\" \/>\n<meta property=\"og:site_name\" content=\"CroMovens\" \/>\n<meta property=\"article:modified_time\" content=\"2023-05-11T18:40:58+00:00\" \/>\n<meta property=\"og:image\" content=\"https:\/\/www.cromovens.hr\/wp-content\/uploads\/2023\/03\/u-eni-ki-servis-1.jpg\" \/>\n\t<meta property=\"og:image:width\" content=\"1920\" \/>\n\t<meta property=\"og:image:height\" content=\"525\" \/>\n\t<meta property=\"og:image:type\" content=\"image\/jpeg\" \/>\n<meta name=\"twitter:card\" content=\"summary_large_image\" \/>\n<meta name=\"twitter:label1\" content=\"Est. reading time\" \/>\n\t<meta name=\"twitter:data1\" content=\"1 minute\" \/>\n<script type=\"application\/ld+json\" class=\"yoast-schema-graph\">{\"@context\":\"https:\/\/schema.org\",\"@graph\":[{\"@type\":\"WebPage\",\"@id\":\"https:\/\/www.cromovens.hr\/en\/ucenicki-servis\/\",\"url\":\"https:\/\/www.cromovens.hr\/en\/ucenicki-servis\/\",\"name\":\"U\u010deni\u010dki servis - CroMovens\",\"isPartOf\":{\"@id\":\"https:\/\/www.cromovens.hr\/en\/#website\"},\"primaryImageOfPage\":{\"@id\":\"https:\/\/www.cromovens.hr\/en\/ucenicki-servis\/#primaryimage\"},\"image\":{\"@id\":\"https:\/\/www.cromovens.hr\/en\/ucenicki-servis\/#primaryimage\"},\"thumbnailUrl\":\"https:\/\/www.cromovens.hr\/wp-content\/uploads\/2023\/03\/u-eni-ki-servis-1.jpg\",\"datePublished\":\"2023-03-06T15:51:27+00:00\",\"dateModified\":\"2023-05-11T18:40:58+00:00\",\"breadcrumb\":{\"@id\":\"https:\/\/www.cromovens.hr\/en\/ucenicki-servis\/#breadcrumb\"},\"inLanguage\":\"en-US\",\"potentialAction\":[{\"@type\":\"ReadAction\",\"target\":[\"https:\/\/www.cromovens.hr\/en\/ucenicki-servis\/\"]}]},{\"@type\":\"ImageObject\",\"inLanguage\":\"en-US\",\"@id\":\"https:\/\/www.cromovens.hr\/en\/ucenicki-servis\/#primaryimage\",\"url\":\"https:\/\/www.cromovens.hr\/wp-content\/uploads\/2023\/03\/u-eni-ki-servis-1.jpg\",\"contentUrl\":\"https:\/\/www.cromovens.hr\/wp-content\/uploads\/2023\/03\/u-eni-ki-servis-1.jpg\",\"width\":1920,\"height\":525},{\"@type\":\"BreadcrumbList\",\"@id\":\"https:\/\/www.cromovens.hr\/en\/ucenicki-servis\/#breadcrumb\",\"itemListElement\":[{\"@type\":\"ListItem\",\"position\":1,\"name\":\"Home\",\"item\":\"https:\/\/www.cromovens.hr\/en\/homepage\/\"},{\"@type\":\"ListItem\",\"position\":2,\"name\":\"U\u010deni\u010dki servis\"}]},{\"@type\":\"WebSite\",\"@id\":\"https:\/\/www.cromovens.hr\/en\/#website\",\"url\":\"https:\/\/www.cromovens.hr\/en\/\",\"name\":\"CroMovens\",\"description\":\"\",\"publisher\":{\"@id\":\"https:\/\/www.cromovens.hr\/en\/#organization\"},\"potentialAction\":[{\"@type\":\"SearchAction\",\"target\":{\"@type\":\"EntryPoint\",\"urlTemplate\":\"https:\/\/www.cromovens.hr\/en\/?s={search_term_string}\"},\"query-input\":{\"@type\":\"PropertyValueSpecification\",\"valueRequired\":true,\"valueName\":\"search_term_string\"}}],\"inLanguage\":\"en-US\"},{\"@type\":\"Organization\",\"@id\":\"https:\/\/www.cromovens.hr\/en\/#organization\",\"name\":\"CroMovens\",\"url\":\"https:\/\/www.cromovens.hr\/en\/\",\"logo\":{\"@type\":\"ImageObject\",\"inLanguage\":\"en-US\",\"@id\":\"https:\/\/www.cromovens.hr\/en\/#\/schema\/logo\/image\/\",\"url\":\"https:\/\/www.cromovens.hr\/wp-content\/uploads\/2023\/02\/Cromovens.svg\",\"contentUrl\":\"https:\/\/www.cromovens.hr\/wp-content\/uploads\/2023\/02\/Cromovens.svg\",\"width\":\"1024\",\"height\":\"1024\",\"caption\":\"CroMovens\"},\"image\":{\"@id\":\"https:\/\/www.cromovens.hr\/en\/#\/schema\/logo\/image\/\"}}]}<\/script>\n<!-- \/ Yoast SEO plugin. -->","yoast_head_json":{"title":"U\u010deni\u010dki servis - CroMovens","robots":{"index":"index","follow":"follow","max-snippet":"max-snippet:-1","max-image-preview":"max-image-preview:large","max-video-preview":"max-video-preview:-1"},"canonical":"https:\/\/www.cromovens.hr\/en\/ucenicki-servis\/","og_locale":"en_US","og_type":"article","og_title":"U\u010deni\u010dki servis - CroMovens","og_description":"\u010clanovi u\u010deni\u010dkog servisa mogu biti svi redovni u\u010denici srednjih \u0161kola \u0160ibensko \u2013 kninske \u017eupanije, a koji imaju navr\u0161enih 15. godina. U servis se mo\u017eete u\u010dlaniti tijekom cijele godine. POTREBNA DOKUMENTACIJA ZA U\u010cLANJENJE U SERVIS Navedenu [...]Read More... from U\u010deni\u010dki servis","og_url":"https:\/\/www.cromovens.hr\/en\/ucenicki-servis\/","og_site_name":"CroMovens","article_modified_time":"2023-05-11T18:40:58+00:00","og_image":[{"width":1920,"height":525,"url":"https:\/\/www.cromovens.hr\/wp-content\/uploads\/2023\/03\/u-eni-ki-servis-1.jpg","type":"image\/jpeg"}],"twitter_card":"summary_large_image","twitter_misc":{"Est. reading time":"1 minute"},"schema":{"@context":"https:\/\/schema.org","@graph":[{"@type":"WebPage","@id":"https:\/\/www.cromovens.hr\/en\/ucenicki-servis\/","url":"https:\/\/www.cromovens.hr\/en\/ucenicki-servis\/","name":"U\u010deni\u010dki servis - CroMovens","isPartOf":{"@id":"https:\/\/www.cromovens.hr\/en\/#website"},"primaryImageOfPage":{"@id":"https:\/\/www.cromovens.hr\/en\/ucenicki-servis\/#primaryimage"},"image":{"@id":"https:\/\/www.cromovens.hr\/en\/ucenicki-servis\/#primaryimage"},"thumbnailUrl":"https:\/\/www.cromovens.hr\/wp-content\/uploads\/2023\/03\/u-eni-ki-servis-1.jpg","datePublished":"2023-03-06T15:51:27+00:00","dateModified":"2023-05-11T18:40:58+00:00","breadcrumb":{"@id":"https:\/\/www.cromovens.hr\/en\/ucenicki-servis\/#breadcrumb"},"inLanguage":"en-US","potentialAction":[{"@type":"ReadAction","target":["https:\/\/www.cromovens.hr\/en\/ucenicki-servis\/"]}]},{"@type":"ImageObject","inLanguage":"en-US","@id":"https:\/\/www.cromovens.hr\/en\/ucenicki-servis\/#primaryimage","url":"https:\/\/www.cromovens.hr\/wp-content\/uploads\/2023\/03\/u-eni-ki-servis-1.jpg","contentUrl":"https:\/\/www.cromovens.hr\/wp-content\/uploads\/2023\/03\/u-eni-ki-servis-1.jpg","width":1920,"height":525},{"@type":"BreadcrumbList","@id":"https:\/\/www.cromovens.hr\/en\/ucenicki-servis\/#breadcrumb","itemListElement":[{"@type":"ListItem","position":1,"name":"Home","item":"https:\/\/www.cromovens.hr\/en\/homepage\/"},{"@type":"ListItem","position":2,"name":"U\u010deni\u010dki servis"}]},{"@type":"WebSite","@id":"https:\/\/www.cromovens.hr\/en\/#website","url":"https:\/\/www.cromovens.hr\/en\/","name":"CroMovens","description":"","publisher":{"@id":"https:\/\/www.cromovens.hr\/en\/#organization"},"potentialAction":[{"@type":"SearchAction","target":{"@type":"EntryPoint","urlTemplate":"https:\/\/www.cromovens.hr\/en\/?s={search_term_string}"},"query-input":{"@type":"PropertyValueSpecification","valueRequired":true,"valueName":"search_term_string"}}],"inLanguage":"en-US"},{"@type":"Organization","@id":"https:\/\/www.cromovens.hr\/en\/#organization","name":"CroMovens","url":"https:\/\/www.cromovens.hr\/en\/","logo":{"@type":"ImageObject","inLanguage":"en-US","@id":"https:\/\/www.cromovens.hr\/en\/#\/schema\/logo\/image\/","url":"https:\/\/www.cromovens.hr\/wp-content\/uploads\/2023\/02\/Cromovens.svg","contentUrl":"https:\/\/www.cromovens.hr\/wp-content\/uploads\/2023\/02\/Cromovens.svg","width":"1024","height":"1024","caption":"CroMovens"},"image":{"@id":"https:\/\/www.cromovens.hr\/en\/#\/schema\/logo\/image\/"}}]}},"_links":{"self":[{"href":"https:\/\/www.cromovens.hr\/en\/wp-json\/wp\/v2\/pages\/870","targetHints":{"allow":["GET"]}}],"collection":[{"href":"https:\/\/www.cromovens.hr\/en\/wp-json\/wp\/v2\/pages"}],"about":[{"href":"https:\/\/www.cromovens.hr\/en\/wp-json\/wp\/v2\/types\/page"}],"author":[{"embeddable":true,"href":"https:\/\/www.cromovens.hr\/en\/wp-json\/wp\/v2\/users\/1"}],"replies":[{"embeddable":true,"href":"https:\/\/www.cromovens.hr\/en\/wp-json\/wp\/v2\/comments?post=870"}],"version-history":[{"count":2,"href":"https:\/\/www.cromovens.hr\/en\/wp-json\/wp\/v2\/pages\/870\/revisions"}],"predecessor-version":[{"id":919,"href":"https:\/\/www.cromovens.hr\/en\/wp-json\/wp\/v2\/pages\/870\/revisions\/919"}],"wp:featuredmedia":[{"embeddable":true,"href":"https:\/\/www.cromovens.hr\/en\/wp-json\/wp\/v2\/media\/765"}],"wp:attachment":[{"href":"https:\/\/www.cromovens.hr\/en\/wp-json\/wp\/v2\/media?parent=870"}],"curies":[{"name":"wp","href":"https:\/\/api.w.org\/{rel}","templated":true}]}}