{"id":868,"date":"2023-02-21T13:00:07","date_gmt":"2023-02-21T12:00:07","guid":{"rendered":"https:\/\/www.cromovens.hr\/ta-cromovens\/"},"modified":"2024-08-19T13:04:47","modified_gmt":"2024-08-19T11:04:47","slug":"ta-cromovens","status":"publish","type":"page","link":"https:\/\/www.cromovens.hr\/en\/ta-cromovens\/","title":{"rendered":"TA Cromovens"},"content":{"rendered":"<p>TA Cromovens is an agency specialized in educational trips that allows individuals and groups to participate in different types of educational trips: Study trips for professionals, English in England, School trips, Excursions and Schools in nature, Visit\/workshop in our Garden of St. Lovre and other tourist programs. At the same time, it offers accommodation and food for 30 people in its Hostel St. Lovre. The agency has been working continuously since 2000 . Our clients are individuals, groups, schools, institutions and companies. The founder of the Agency is a professor of mathematics and physics, Mr. Zvonko Pe\u0161i\u0107, and that is one of the reasons why business is oriented towards education. With its professional programs, the Agency offers a transformative experience to its clients. A new business niche is a successful cooperation with institutions and companies that received funds for the organization of study trips as part of their projects at EU tenders. <strong>Turisti\u010dka agencija Cromovens &#8211; Cromovens d. o. o.<\/strong> Sjedi\u0161te: Trtarska 67, 22 000 \u0160ibenik &#8211; Hrvatska Ured: Ulica Andrije Ka\u010di\u0107a Mio\u0161i\u0107a 11a, 22 000 \u0160ibenik, Hrvatska OIB: 84867495398 MBS: 060036625 PDV broj: HR84867495398 ID KOD: HR-AB-22-060036625 <strong>Voditeljica poslova turisti\u010dke agencije:<\/strong> Ivana Ku\u010di\u0107 Agencija posluje u svojstvu organizatora, posrednika i trgovca. <strong>Obavijest o nadle\u017enosti:<\/strong> Nadle\u017eno tijelo za slu\u017ebeni nadzor djelatnosti turisti\u010dke agencije je Dr\u017eavni inspektorat \u2013 Slu\u017eba za ugostiteljstvo, pru\u017eanje usluga u turizmu i za boravi\u0161nu\/ turisti\u010dku pristojbu, Split, Mike Tripala 6.<\/p>\n","protected":false},"excerpt":{"rendered":"<p>TA Cromovens is an agency specialized in educational trips that allows individuals and groups to participate in different types of educational trips: Study trips for professionals, English in England, School trips, Excursions and Schools in [&#8230;]<\/p>\n<p><a class=\"btn btn-secondary virtualna-read-more-link\" href=\"https:\/\/www.cromovens.hr\/en\/ta-cromovens\/\">Read More&#8230;<span class=\"screen-reader-text\"> from TA Cromovens<\/span><\/a><\/p>\n","protected":false},"author":1,"featured_media":689,"parent":0,"menu_order":0,"comment_status":"closed","ping_status":"closed","template":"page-templates\/agencija.php","meta":{"_acf_changed":false,"inline_featured_image":false,"footnotes":""},"class_list":["post-868","page","type-page","status-publish","has-post-thumbnail","hentry"],"acf":[],"yoast_head":"<!-- This site is optimized with the Yoast SEO plugin v25.5 - https:\/\/yoast.com\/wordpress\/plugins\/seo\/ -->\n<title>TA Cromovens<\/title>\n<meta name=\"description\" content=\"TA Cromovens is an agency specialized in educational trips that allows individuals and groups to participate in different types of educational trips\" \/>\n<meta name=\"robots\" content=\"index, follow, max-snippet:-1, max-image-preview:large, max-video-preview:-1\" \/>\n<link rel=\"canonical\" href=\"https:\/\/www.cromovens.hr\/en\/ta-cromovens\/\" \/>\n<meta property=\"og:locale\" content=\"en_US\" \/>\n<meta property=\"og:type\" content=\"article\" \/>\n<meta property=\"og:title\" content=\"TA Cromovens\" \/>\n<meta property=\"og:description\" content=\"TA Cromovens is an agency specialized in educational trips that allows individuals and groups to participate in different types of educational trips\" \/>\n<meta property=\"og:url\" content=\"https:\/\/www.cromovens.hr\/en\/ta-cromovens\/\" \/>\n<meta property=\"og:site_name\" content=\"CroMovens\" \/>\n<meta property=\"article:modified_time\" content=\"2024-08-19T11:04:47+00:00\" \/>\n<meta property=\"og:image\" content=\"https:\/\/www.cromovens.hr\/wp-content\/uploads\/2023\/02\/header.jpg\" \/>\n\t<meta property=\"og:image:width\" content=\"1920\" \/>\n\t<meta property=\"og:image:height\" content=\"525\" \/>\n\t<meta property=\"og:image:type\" content=\"image\/jpeg\" \/>\n<meta name=\"twitter:card\" content=\"summary_large_image\" \/>\n<meta name=\"twitter:label1\" content=\"Est. reading time\" \/>\n\t<meta name=\"twitter:data1\" content=\"1 minute\" \/>\n<script type=\"application\/ld+json\" class=\"yoast-schema-graph\">{\"@context\":\"https:\/\/schema.org\",\"@graph\":[{\"@type\":\"WebPage\",\"@id\":\"https:\/\/www.cromovens.hr\/en\/ta-cromovens\/\",\"url\":\"https:\/\/www.cromovens.hr\/en\/ta-cromovens\/\",\"name\":\"TA Cromovens\",\"isPartOf\":{\"@id\":\"https:\/\/www.cromovens.hr\/en\/#website\"},\"primaryImageOfPage\":{\"@id\":\"https:\/\/www.cromovens.hr\/en\/ta-cromovens\/#primaryimage\"},\"image\":{\"@id\":\"https:\/\/www.cromovens.hr\/en\/ta-cromovens\/#primaryimage\"},\"thumbnailUrl\":\"https:\/\/www.cromovens.hr\/wp-content\/uploads\/2023\/02\/header.jpg\",\"datePublished\":\"2023-02-21T12:00:07+00:00\",\"dateModified\":\"2024-08-19T11:04:47+00:00\",\"description\":\"TA Cromovens is an agency specialized in educational trips that allows individuals and groups to participate in different types of educational trips\",\"breadcrumb\":{\"@id\":\"https:\/\/www.cromovens.hr\/en\/ta-cromovens\/#breadcrumb\"},\"inLanguage\":\"en-US\",\"potentialAction\":[{\"@type\":\"ReadAction\",\"target\":[\"https:\/\/www.cromovens.hr\/en\/ta-cromovens\/\"]}]},{\"@type\":\"ImageObject\",\"inLanguage\":\"en-US\",\"@id\":\"https:\/\/www.cromovens.hr\/en\/ta-cromovens\/#primaryimage\",\"url\":\"https:\/\/www.cromovens.hr\/wp-content\/uploads\/2023\/02\/header.jpg\",\"contentUrl\":\"https:\/\/www.cromovens.hr\/wp-content\/uploads\/2023\/02\/header.jpg\",\"width\":1920,\"height\":525},{\"@type\":\"BreadcrumbList\",\"@id\":\"https:\/\/www.cromovens.hr\/en\/ta-cromovens\/#breadcrumb\",\"itemListElement\":[{\"@type\":\"ListItem\",\"position\":1,\"name\":\"Home\",\"item\":\"https:\/\/www.cromovens.hr\/en\/homepage\/\"},{\"@type\":\"ListItem\",\"position\":2,\"name\":\"TA Cromovens\"}]},{\"@type\":\"WebSite\",\"@id\":\"https:\/\/www.cromovens.hr\/en\/#website\",\"url\":\"https:\/\/www.cromovens.hr\/en\/\",\"name\":\"CroMovens\",\"description\":\"\",\"publisher\":{\"@id\":\"https:\/\/www.cromovens.hr\/en\/#organization\"},\"potentialAction\":[{\"@type\":\"SearchAction\",\"target\":{\"@type\":\"EntryPoint\",\"urlTemplate\":\"https:\/\/www.cromovens.hr\/en\/?s={search_term_string}\"},\"query-input\":{\"@type\":\"PropertyValueSpecification\",\"valueRequired\":true,\"valueName\":\"search_term_string\"}}],\"inLanguage\":\"en-US\"},{\"@type\":\"Organization\",\"@id\":\"https:\/\/www.cromovens.hr\/en\/#organization\",\"name\":\"CroMovens\",\"url\":\"https:\/\/www.cromovens.hr\/en\/\",\"logo\":{\"@type\":\"ImageObject\",\"inLanguage\":\"en-US\",\"@id\":\"https:\/\/www.cromovens.hr\/en\/#\/schema\/logo\/image\/\",\"url\":\"https:\/\/www.cromovens.hr\/wp-content\/uploads\/2023\/02\/Cromovens.svg\",\"contentUrl\":\"https:\/\/www.cromovens.hr\/wp-content\/uploads\/2023\/02\/Cromovens.svg\",\"width\":\"1024\",\"height\":\"1024\",\"caption\":\"CroMovens\"},\"image\":{\"@id\":\"https:\/\/www.cromovens.hr\/en\/#\/schema\/logo\/image\/\"}}]}<\/script>\n<!-- \/ Yoast SEO plugin. -->","yoast_head_json":{"title":"TA Cromovens","description":"TA Cromovens is an agency specialized in educational trips that allows individuals and groups to participate in different types of educational trips","robots":{"index":"index","follow":"follow","max-snippet":"max-snippet:-1","max-image-preview":"max-image-preview:large","max-video-preview":"max-video-preview:-1"},"canonical":"https:\/\/www.cromovens.hr\/en\/ta-cromovens\/","og_locale":"en_US","og_type":"article","og_title":"TA Cromovens","og_description":"TA Cromovens is an agency specialized in educational trips that allows individuals and groups to participate in different types of educational trips","og_url":"https:\/\/www.cromovens.hr\/en\/ta-cromovens\/","og_site_name":"CroMovens","article_modified_time":"2024-08-19T11:04:47+00:00","og_image":[{"width":1920,"height":525,"url":"https:\/\/www.cromovens.hr\/wp-content\/uploads\/2023\/02\/header.jpg","type":"image\/jpeg"}],"twitter_card":"summary_large_image","twitter_misc":{"Est. reading time":"1 minute"},"schema":{"@context":"https:\/\/schema.org","@graph":[{"@type":"WebPage","@id":"https:\/\/www.cromovens.hr\/en\/ta-cromovens\/","url":"https:\/\/www.cromovens.hr\/en\/ta-cromovens\/","name":"TA Cromovens","isPartOf":{"@id":"https:\/\/www.cromovens.hr\/en\/#website"},"primaryImageOfPage":{"@id":"https:\/\/www.cromovens.hr\/en\/ta-cromovens\/#primaryimage"},"image":{"@id":"https:\/\/www.cromovens.hr\/en\/ta-cromovens\/#primaryimage"},"thumbnailUrl":"https:\/\/www.cromovens.hr\/wp-content\/uploads\/2023\/02\/header.jpg","datePublished":"2023-02-21T12:00:07+00:00","dateModified":"2024-08-19T11:04:47+00:00","description":"TA Cromovens is an agency specialized in educational trips that allows individuals and groups to participate in different types of educational trips","breadcrumb":{"@id":"https:\/\/www.cromovens.hr\/en\/ta-cromovens\/#breadcrumb"},"inLanguage":"en-US","potentialAction":[{"@type":"ReadAction","target":["https:\/\/www.cromovens.hr\/en\/ta-cromovens\/"]}]},{"@type":"ImageObject","inLanguage":"en-US","@id":"https:\/\/www.cromovens.hr\/en\/ta-cromovens\/#primaryimage","url":"https:\/\/www.cromovens.hr\/wp-content\/uploads\/2023\/02\/header.jpg","contentUrl":"https:\/\/www.cromovens.hr\/wp-content\/uploads\/2023\/02\/header.jpg","width":1920,"height":525},{"@type":"BreadcrumbList","@id":"https:\/\/www.cromovens.hr\/en\/ta-cromovens\/#breadcrumb","itemListElement":[{"@type":"ListItem","position":1,"name":"Home","item":"https:\/\/www.cromovens.hr\/en\/homepage\/"},{"@type":"ListItem","position":2,"name":"TA Cromovens"}]},{"@type":"WebSite","@id":"https:\/\/www.cromovens.hr\/en\/#website","url":"https:\/\/www.cromovens.hr\/en\/","name":"CroMovens","description":"","publisher":{"@id":"https:\/\/www.cromovens.hr\/en\/#organization"},"potentialAction":[{"@type":"SearchAction","target":{"@type":"EntryPoint","urlTemplate":"https:\/\/www.cromovens.hr\/en\/?s={search_term_string}"},"query-input":{"@type":"PropertyValueSpecification","valueRequired":true,"valueName":"search_term_string"}}],"inLanguage":"en-US"},{"@type":"Organization","@id":"https:\/\/www.cromovens.hr\/en\/#organization","name":"CroMovens","url":"https:\/\/www.cromovens.hr\/en\/","logo":{"@type":"ImageObject","inLanguage":"en-US","@id":"https:\/\/www.cromovens.hr\/en\/#\/schema\/logo\/image\/","url":"https:\/\/www.cromovens.hr\/wp-content\/uploads\/2023\/02\/Cromovens.svg","contentUrl":"https:\/\/www.cromovens.hr\/wp-content\/uploads\/2023\/02\/Cromovens.svg","width":"1024","height":"1024","caption":"CroMovens"},"image":{"@id":"https:\/\/www.cromovens.hr\/en\/#\/schema\/logo\/image\/"}}]}},"_links":{"self":[{"href":"https:\/\/www.cromovens.hr\/en\/wp-json\/wp\/v2\/pages\/868","targetHints":{"allow":["GET"]}}],"collection":[{"href":"https:\/\/www.cromovens.hr\/en\/wp-json\/wp\/v2\/pages"}],"about":[{"href":"https:\/\/www.cromovens.hr\/en\/wp-json\/wp\/v2\/types\/page"}],"author":[{"embeddable":true,"href":"https:\/\/www.cromovens.hr\/en\/wp-json\/wp\/v2\/users\/1"}],"replies":[{"embeddable":true,"href":"https:\/\/www.cromovens.hr\/en\/wp-json\/wp\/v2\/comments?post=868"}],"version-history":[{"count":4,"href":"https:\/\/www.cromovens.hr\/en\/wp-json\/wp\/v2\/pages\/868\/revisions"}],"predecessor-version":[{"id":1023,"href":"https:\/\/www.cromovens.hr\/en\/wp-json\/wp\/v2\/pages\/868\/revisions\/1023"}],"wp:featuredmedia":[{"embeddable":true,"href":"https:\/\/www.cromovens.hr\/en\/wp-json\/wp\/v2\/media\/689"}],"wp:attachment":[{"href":"https:\/\/www.cromovens.hr\/en\/wp-json\/wp\/v2\/media?parent=868"}],"curies":[{"name":"wp","href":"https:\/\/api.w.org\/{rel}","templated":true}]}}