{"id":866,"date":"2023-02-23T10:40:05","date_gmt":"2023-02-23T09:40:05","guid":{"rendered":"https:\/\/www.cromovens.hr\/studijska-putovanja\/"},"modified":"2023-05-11T20:23:11","modified_gmt":"2023-05-11T18:23:11","slug":"studijska-putovanja","status":"publish","type":"page","link":"https:\/\/www.cromovens.hr\/en\/studijska-putovanja\/","title":{"rendered":"Studijska putovanja"},"content":{"rendered":"<p>Studijska putovanja se uobi\u010dajeno kreiraju u institucijama i tvrtkama, a agencije odra\u0111uju samo tehni\u010dki aspekt putovanja (smje\u0161taj, transferi, avio karte, vodi\u010di). Nasuprot toj praksi, Cromovens je razvio hibridni model \u2013 edukacija i putovanje. Radimo sve potrebno za tehni\u010dki aspekt putovanja, ali i kreiramo uspje\u0161ne stru\u010dne programe, ovisno o temi, zahvaljuju\u0107i tome \u0161to zapo\u0161ljavamo i turisti\u010dke djelatnike i stru\u010dnjake u obrazovnom sektoru. Ve\u0107 23 godine, neumorno organiziramo studijska putovanja. Organizirali smo mnoga studijska putovanja u Europi i svijetu: Italija Austrija, Ma\u0111arska, Albanija, \u010ce\u0161ka Republika, Slova\u010dka, \u0160panjolska, Portugal, Velika Britanija, Njema\u010dka, Poljska, Belgija, Nizozemska, Irska, Litva, Estonija, Finska, Norve\u0161ka, \u0160vedska, Rusija, Turska, SAD, Kanada, Kina, Izrael, Island, Japan, Ju\u017ena Koreja, \u010cile, Argentina. Cromovens je organizirao preko 120 stru\u010dnih posjeta razli\u010ditim institucijama i tvrtkama u navedenim zemljama.<\/p>\n<p>Koncept organizacije na\u0161ih studijskih putovanja temelji se na sljede\u0107im ishodima:<br \/>\n(a) Kognitivni ishodi \u2013 definiramo koje znanje (teme) se na studijskom putovanju trebaju obraditi;<br \/>\n(b) Afektivni ishodi \u2013 predvi\u0111amo aktivnosti koje utje\u010du na razmi\u0161ljanje o temi putovanja;<br \/>\n(c) Vje\u0161tine \u2013 istovremeno planiramo i sadr\u017eaje za razvoj poslovnih vje\u0161tina.<\/p>\n<p>Na\u0161 koncept osigurava da polaznici moraju iskusiti tu obrazovnu dimenziju u odnosu na uobi\u010dajenu turisti\u010dku shemu koja je prisutna u svakom drugom putovanju. Na\u0161e evaluacije pokazuju da smo na pravom putu, a evo i jedne iliustracije. Jednoj ravnateljici, na povratku sa Cromovensovog studijskog putovanja, djeletnici su izjavili, citiramo: \u201eRavnateljice, idite jednom na putovanje kao turist. Nikad ne znamo kakve \u0107ete nam promjene donijeti kad se vratite sa sljede\u0107eg studijskog putovanja (u organizaciji Cromovensa)!\u201c<\/p>\n<p><strong>Kako mi to radimo?<\/strong><\/p>\n<p><strong>Studijsko putovanje &#8211; The USA<\/strong><br \/>\n<strong>Teme<\/strong>: Me\u0111uovisnost obrazovanja i gospodarstva, menad\u017ement u obrazovanju<br \/>\n<strong>Ciljevi<\/strong>: Grupa \u0161kolskih ravnatelja, predstavnika lokalnih samouprava i gospodarstvenika \u017eeli ste\u0107i \u0161iroko i sveobuhvatno razumijevanje obrazovnog sustava SAD-a i me\u0111uovisnosti obrazovanja i gospodarstva. Glavni cilj je otvoriti o\u010di za razli\u010dite perspektive o liderstvu u obrazovnom sustavu.<\/p>\n<p><strong>Posjetili su:<\/strong><br \/>\nIBM Research Center, 200 Aqueduct Rd., Ossining;<br \/>\nNY City; the Division of Teaching and Learning, local government, Tweed Courthouse,<br \/>\n52 Chambers St. New York, NY 10007;<br \/>\nFordham University, Division of Educational Leadership, the Lowenstein Building of<br \/>\nFordham University, 113 W. 60th St. New York;<br \/>\nNew York University (NYU), 82 Washington Square East, New York, NY 10003;<br \/>\nCroatian Embassy, 2343 Massachusetts Avenue NW, Washington DC;<br \/>\nNASA, Goddard Space Flight Center, 8901 -8965 Tirol Rd, Green belt, MD 20771;<br \/>\nMacFarland Middle School \u2013 4400 Iowa Ave NW, Washington, DC 20011;<br \/>\nTheodore Roosevelt High School \u2013 4301 13th St NW, Washington, DC 20011;<br \/>\nSmithsonian Air and Space Museum (not like tourists but to see how the museum works with the school visits).<\/p>\n<p>Veli\u010dina grupe i struktura sudionika: Grupa je brojala 28 polaznika, a \u010dinili su je ravnatelji \u0161kola, sveu\u010dili\u0161ni profesori, predstavnici lokalnih vlasti za prosvjetu i gospodarstvo, direktori razvojnih agencija i poduzetnici.<\/p>\n","protected":false},"excerpt":{"rendered":"<p>Studijska putovanja se uobi\u010dajeno kreiraju u institucijama i tvrtkama, a agencije odra\u0111uju samo tehni\u010dki aspekt putovanja (smje\u0161taj, transferi, avio karte, vodi\u010di). Nasuprot toj praksi, Cromovens je razvio hibridni model \u2013 edukacija i putovanje. Radimo sve [&#8230;]<\/p>\n<p><a class=\"btn btn-secondary virtualna-read-more-link\" href=\"https:\/\/www.cromovens.hr\/en\/studijska-putovanja\/\">Read More&#8230;<span class=\"screen-reader-text\"> from Studijska putovanja<\/span><\/a><\/p>\n","protected":false},"author":1,"featured_media":699,"parent":0,"menu_order":0,"comment_status":"closed","ping_status":"closed","template":"page-templates\/studijska.php","meta":{"_acf_changed":false,"inline_featured_image":false,"footnotes":""},"class_list":["post-866","page","type-page","status-publish","has-post-thumbnail","hentry"],"acf":[],"yoast_head":"<!-- This site is optimized with the Yoast SEO plugin v25.5 - https:\/\/yoast.com\/wordpress\/plugins\/seo\/ -->\n<title>Studijska putovanja<\/title>\n<meta name=\"description\" content=\"TA Cromovens radi sve potrebno za tehni\u010dki aspekt putovanja, ali i kreiramo uspje\u0161ne stru\u010dne programe. Pogledajte na\u0161a studijska putovanja.\" \/>\n<meta name=\"robots\" content=\"index, follow, max-snippet:-1, max-image-preview:large, max-video-preview:-1\" \/>\n<link rel=\"canonical\" href=\"https:\/\/www.cromovens.hr\/en\/studijska-putovanja\/\" \/>\n<meta property=\"og:locale\" content=\"en_US\" \/>\n<meta property=\"og:type\" content=\"article\" \/>\n<meta property=\"og:title\" content=\"Studijska putovanja\" \/>\n<meta property=\"og:description\" content=\"TA Cromovens radi sve potrebno za tehni\u010dki aspekt putovanja, ali i kreiramo uspje\u0161ne stru\u010dne programe. Pogledajte na\u0161a studijska putovanja.\" \/>\n<meta property=\"og:url\" content=\"https:\/\/www.cromovens.hr\/en\/studijska-putovanja\/\" \/>\n<meta property=\"og:site_name\" content=\"CroMovens\" \/>\n<meta property=\"article:modified_time\" content=\"2023-05-11T18:23:11+00:00\" \/>\n<meta property=\"og:image\" content=\"https:\/\/www.cromovens.hr\/wp-content\/uploads\/2023\/02\/layer-36.jpg\" \/>\n\t<meta property=\"og:image:width\" content=\"1920\" \/>\n\t<meta property=\"og:image:height\" content=\"525\" \/>\n\t<meta property=\"og:image:type\" content=\"image\/jpeg\" \/>\n<meta name=\"twitter:card\" content=\"summary_large_image\" \/>\n<meta name=\"twitter:label1\" content=\"Est. reading time\" \/>\n\t<meta name=\"twitter:data1\" content=\"3 minutes\" \/>\n<script type=\"application\/ld+json\" class=\"yoast-schema-graph\">{\"@context\":\"https:\/\/schema.org\",\"@graph\":[{\"@type\":\"WebPage\",\"@id\":\"https:\/\/www.cromovens.hr\/en\/studijska-putovanja\/\",\"url\":\"https:\/\/www.cromovens.hr\/en\/studijska-putovanja\/\",\"name\":\"Studijska putovanja\",\"isPartOf\":{\"@id\":\"https:\/\/www.cromovens.hr\/en\/#website\"},\"primaryImageOfPage\":{\"@id\":\"https:\/\/www.cromovens.hr\/en\/studijska-putovanja\/#primaryimage\"},\"image\":{\"@id\":\"https:\/\/www.cromovens.hr\/en\/studijska-putovanja\/#primaryimage\"},\"thumbnailUrl\":\"https:\/\/www.cromovens.hr\/wp-content\/uploads\/2023\/02\/layer-36.jpg\",\"datePublished\":\"2023-02-23T09:40:05+00:00\",\"dateModified\":\"2023-05-11T18:23:11+00:00\",\"description\":\"TA Cromovens radi sve potrebno za tehni\u010dki aspekt putovanja, ali i kreiramo uspje\u0161ne stru\u010dne programe. Pogledajte na\u0161a studijska putovanja.\",\"breadcrumb\":{\"@id\":\"https:\/\/www.cromovens.hr\/en\/studijska-putovanja\/#breadcrumb\"},\"inLanguage\":\"en-US\",\"potentialAction\":[{\"@type\":\"ReadAction\",\"target\":[\"https:\/\/www.cromovens.hr\/en\/studijska-putovanja\/\"]}]},{\"@type\":\"ImageObject\",\"inLanguage\":\"en-US\",\"@id\":\"https:\/\/www.cromovens.hr\/en\/studijska-putovanja\/#primaryimage\",\"url\":\"https:\/\/www.cromovens.hr\/wp-content\/uploads\/2023\/02\/layer-36.jpg\",\"contentUrl\":\"https:\/\/www.cromovens.hr\/wp-content\/uploads\/2023\/02\/layer-36.jpg\",\"width\":1920,\"height\":525},{\"@type\":\"BreadcrumbList\",\"@id\":\"https:\/\/www.cromovens.hr\/en\/studijska-putovanja\/#breadcrumb\",\"itemListElement\":[{\"@type\":\"ListItem\",\"position\":1,\"name\":\"Home\",\"item\":\"https:\/\/www.cromovens.hr\/en\/homepage\/\"},{\"@type\":\"ListItem\",\"position\":2,\"name\":\"Studijska putovanja\"}]},{\"@type\":\"WebSite\",\"@id\":\"https:\/\/www.cromovens.hr\/en\/#website\",\"url\":\"https:\/\/www.cromovens.hr\/en\/\",\"name\":\"CroMovens\",\"description\":\"\",\"publisher\":{\"@id\":\"https:\/\/www.cromovens.hr\/en\/#organization\"},\"potentialAction\":[{\"@type\":\"SearchAction\",\"target\":{\"@type\":\"EntryPoint\",\"urlTemplate\":\"https:\/\/www.cromovens.hr\/en\/?s={search_term_string}\"},\"query-input\":{\"@type\":\"PropertyValueSpecification\",\"valueRequired\":true,\"valueName\":\"search_term_string\"}}],\"inLanguage\":\"en-US\"},{\"@type\":\"Organization\",\"@id\":\"https:\/\/www.cromovens.hr\/en\/#organization\",\"name\":\"CroMovens\",\"url\":\"https:\/\/www.cromovens.hr\/en\/\",\"logo\":{\"@type\":\"ImageObject\",\"inLanguage\":\"en-US\",\"@id\":\"https:\/\/www.cromovens.hr\/en\/#\/schema\/logo\/image\/\",\"url\":\"https:\/\/www.cromovens.hr\/wp-content\/uploads\/2023\/02\/Cromovens.svg\",\"contentUrl\":\"https:\/\/www.cromovens.hr\/wp-content\/uploads\/2023\/02\/Cromovens.svg\",\"width\":\"1024\",\"height\":\"1024\",\"caption\":\"CroMovens\"},\"image\":{\"@id\":\"https:\/\/www.cromovens.hr\/en\/#\/schema\/logo\/image\/\"}}]}<\/script>\n<!-- \/ Yoast SEO plugin. -->","yoast_head_json":{"title":"Studijska putovanja","description":"TA Cromovens radi sve potrebno za tehni\u010dki aspekt putovanja, ali i kreiramo uspje\u0161ne stru\u010dne programe. Pogledajte na\u0161a studijska putovanja.","robots":{"index":"index","follow":"follow","max-snippet":"max-snippet:-1","max-image-preview":"max-image-preview:large","max-video-preview":"max-video-preview:-1"},"canonical":"https:\/\/www.cromovens.hr\/en\/studijska-putovanja\/","og_locale":"en_US","og_type":"article","og_title":"Studijska putovanja","og_description":"TA Cromovens radi sve potrebno za tehni\u010dki aspekt putovanja, ali i kreiramo uspje\u0161ne stru\u010dne programe. Pogledajte na\u0161a studijska putovanja.","og_url":"https:\/\/www.cromovens.hr\/en\/studijska-putovanja\/","og_site_name":"CroMovens","article_modified_time":"2023-05-11T18:23:11+00:00","og_image":[{"width":1920,"height":525,"url":"https:\/\/www.cromovens.hr\/wp-content\/uploads\/2023\/02\/layer-36.jpg","type":"image\/jpeg"}],"twitter_card":"summary_large_image","twitter_misc":{"Est. reading time":"3 minutes"},"schema":{"@context":"https:\/\/schema.org","@graph":[{"@type":"WebPage","@id":"https:\/\/www.cromovens.hr\/en\/studijska-putovanja\/","url":"https:\/\/www.cromovens.hr\/en\/studijska-putovanja\/","name":"Studijska putovanja","isPartOf":{"@id":"https:\/\/www.cromovens.hr\/en\/#website"},"primaryImageOfPage":{"@id":"https:\/\/www.cromovens.hr\/en\/studijska-putovanja\/#primaryimage"},"image":{"@id":"https:\/\/www.cromovens.hr\/en\/studijska-putovanja\/#primaryimage"},"thumbnailUrl":"https:\/\/www.cromovens.hr\/wp-content\/uploads\/2023\/02\/layer-36.jpg","datePublished":"2023-02-23T09:40:05+00:00","dateModified":"2023-05-11T18:23:11+00:00","description":"TA Cromovens radi sve potrebno za tehni\u010dki aspekt putovanja, ali i kreiramo uspje\u0161ne stru\u010dne programe. Pogledajte na\u0161a studijska putovanja.","breadcrumb":{"@id":"https:\/\/www.cromovens.hr\/en\/studijska-putovanja\/#breadcrumb"},"inLanguage":"en-US","potentialAction":[{"@type":"ReadAction","target":["https:\/\/www.cromovens.hr\/en\/studijska-putovanja\/"]}]},{"@type":"ImageObject","inLanguage":"en-US","@id":"https:\/\/www.cromovens.hr\/en\/studijska-putovanja\/#primaryimage","url":"https:\/\/www.cromovens.hr\/wp-content\/uploads\/2023\/02\/layer-36.jpg","contentUrl":"https:\/\/www.cromovens.hr\/wp-content\/uploads\/2023\/02\/layer-36.jpg","width":1920,"height":525},{"@type":"BreadcrumbList","@id":"https:\/\/www.cromovens.hr\/en\/studijska-putovanja\/#breadcrumb","itemListElement":[{"@type":"ListItem","position":1,"name":"Home","item":"https:\/\/www.cromovens.hr\/en\/homepage\/"},{"@type":"ListItem","position":2,"name":"Studijska putovanja"}]},{"@type":"WebSite","@id":"https:\/\/www.cromovens.hr\/en\/#website","url":"https:\/\/www.cromovens.hr\/en\/","name":"CroMovens","description":"","publisher":{"@id":"https:\/\/www.cromovens.hr\/en\/#organization"},"potentialAction":[{"@type":"SearchAction","target":{"@type":"EntryPoint","urlTemplate":"https:\/\/www.cromovens.hr\/en\/?s={search_term_string}"},"query-input":{"@type":"PropertyValueSpecification","valueRequired":true,"valueName":"search_term_string"}}],"inLanguage":"en-US"},{"@type":"Organization","@id":"https:\/\/www.cromovens.hr\/en\/#organization","name":"CroMovens","url":"https:\/\/www.cromovens.hr\/en\/","logo":{"@type":"ImageObject","inLanguage":"en-US","@id":"https:\/\/www.cromovens.hr\/en\/#\/schema\/logo\/image\/","url":"https:\/\/www.cromovens.hr\/wp-content\/uploads\/2023\/02\/Cromovens.svg","contentUrl":"https:\/\/www.cromovens.hr\/wp-content\/uploads\/2023\/02\/Cromovens.svg","width":"1024","height":"1024","caption":"CroMovens"},"image":{"@id":"https:\/\/www.cromovens.hr\/en\/#\/schema\/logo\/image\/"}}]}},"_links":{"self":[{"href":"https:\/\/www.cromovens.hr\/en\/wp-json\/wp\/v2\/pages\/866","targetHints":{"allow":["GET"]}}],"collection":[{"href":"https:\/\/www.cromovens.hr\/en\/wp-json\/wp\/v2\/pages"}],"about":[{"href":"https:\/\/www.cromovens.hr\/en\/wp-json\/wp\/v2\/types\/page"}],"author":[{"embeddable":true,"href":"https:\/\/www.cromovens.hr\/en\/wp-json\/wp\/v2\/users\/1"}],"replies":[{"embeddable":true,"href":"https:\/\/www.cromovens.hr\/en\/wp-json\/wp\/v2\/comments?post=866"}],"version-history":[{"count":2,"href":"https:\/\/www.cromovens.hr\/en\/wp-json\/wp\/v2\/pages\/866\/revisions"}],"predecessor-version":[{"id":908,"href":"https:\/\/www.cromovens.hr\/en\/wp-json\/wp\/v2\/pages\/866\/revisions\/908"}],"wp:featuredmedia":[{"embeddable":true,"href":"https:\/\/www.cromovens.hr\/en\/wp-json\/wp\/v2\/media\/699"}],"wp:attachment":[{"href":"https:\/\/www.cromovens.hr\/en\/wp-json\/wp\/v2\/media?parent=866"}],"curies":[{"name":"wp","href":"https:\/\/api.w.org\/{rel}","templated":true}]}}