{"id":858,"date":"2023-03-06T14:33:30","date_gmt":"2023-03-06T13:33:30","guid":{"rendered":"https:\/\/www.cromovens.hr\/sibenska-privatna-gimnazija\/"},"modified":"2023-06-02T15:21:35","modified_gmt":"2023-06-02T13:21:35","slug":"sibenska-privatna-gimnazija","status":"publish","type":"page","link":"https:\/\/www.cromovens.hr\/en\/sibenska-privatna-gimnazija\/","title":{"rendered":"\u0160ibenska privatna gimnazija"},"content":{"rendered":"<p>\u0160ibenska privatna gimnazija djeluje od 2006. . Djelatnost se sastoji od redovitog gimnazijskog programa do u\u010deni\u010dkog servisa i obrazovnih programa za odrasle. Redovita nastava op\u0107eg gimnazijskog smjera zapo\u010dela je 2006. . Gimnazija je bila kvalitetna i moderno organizirana \u0161kola i jedna od prvih u dr\u017eavi koja je uspje\u0161no aplicirala u EU programima Comenius i Erasmus+. Kako u Hrvatskoj, osim na deklarativnoj razini, jo\u0161 uvijek nisu razvijeni svi preduvjeti za pluralizam u \u0161kolstvu, Uprava \u0161kole je odlu\u010dila zamrznuti program op\u0107e gimnazije i nastaviti svoj put u smjeru specijalisti\u010dkih obrazovnih programa za u\u010denike i odrasle: studijska putovanja u suradnji s agencijom Cromovens, ispiti i te\u010dajevi hrvatskog jezika za strance, pripreme za dr\u017eavnu maturu te ostali obrazovni programi (strani jezici i drugi te\u010dajevi). Svi programi su verificirani i odobreni od Ministarstva znanosti i obrazovanja Republike Hrvatske. Po zavr\u0161etku ispita\/programa polazniku se daje potvrda\/uvjerenje , javni dokument propisan zakonom RH.<\/p>\n","protected":false},"excerpt":{"rendered":"<p>\u0160ibenska privatna gimnazija djeluje od 2006. . Djelatnost se sastoji od redovitog gimnazijskog programa do u\u010deni\u010dkog servisa i obrazovnih programa za odrasle. Redovita nastava op\u0107eg gimnazijskog smjera zapo\u010dela je 2006. . Gimnazija je bila kvalitetna [&#8230;]<\/p>\n<p><a class=\"btn btn-secondary virtualna-read-more-link\" href=\"https:\/\/www.cromovens.hr\/en\/sibenska-privatna-gimnazija\/\">Read More&#8230;<span class=\"screen-reader-text\"> from \u0160ibenska privatna gimnazija<\/span><\/a><\/p>\n","protected":false},"author":1,"featured_media":809,"parent":0,"menu_order":0,"comment_status":"closed","ping_status":"closed","template":"page-templates\/gimnazija.php","meta":{"_acf_changed":false,"inline_featured_image":false,"footnotes":""},"class_list":["post-858","page","type-page","status-publish","has-post-thumbnail","hentry"],"acf":[],"yoast_head":"<!-- This site is optimized with the Yoast SEO plugin v25.5 - https:\/\/yoast.com\/wordpress\/plugins\/seo\/ -->\n<title>\u0160ibenska privatna gimnazija<\/title>\n<meta name=\"description\" content=\"\u0160ibenska privatna gimnazija djeluje od 2006. Djelatnost se sastoji od redovitog gimnazijskog programa do u\u010deni\u010dkog servisa i obrazovnih programa za odrasle.\" \/>\n<meta name=\"robots\" content=\"index, follow, max-snippet:-1, max-image-preview:large, max-video-preview:-1\" \/>\n<link rel=\"canonical\" href=\"https:\/\/www.cromovens.hr\/en\/sibenska-privatna-gimnazija\/\" \/>\n<meta property=\"og:locale\" content=\"en_US\" \/>\n<meta property=\"og:type\" content=\"article\" \/>\n<meta property=\"og:title\" content=\"\u0160ibenska privatna gimnazija\" \/>\n<meta property=\"og:description\" content=\"\u0160ibenska privatna gimnazija djeluje od 2006. Djelatnost se sastoji od redovitog gimnazijskog programa do u\u010deni\u010dkog servisa i obrazovnih programa za odrasle.\" \/>\n<meta property=\"og:url\" content=\"https:\/\/www.cromovens.hr\/en\/sibenska-privatna-gimnazija\/\" \/>\n<meta property=\"og:site_name\" content=\"CroMovens\" \/>\n<meta property=\"article:modified_time\" content=\"2023-06-02T13:21:35+00:00\" \/>\n<meta property=\"og:image\" content=\"https:\/\/www.cromovens.hr\/wp-content\/uploads\/2023\/03\/gimnazija_2.jpg\" \/>\n\t<meta property=\"og:image:width\" content=\"1920\" \/>\n\t<meta property=\"og:image:height\" content=\"525\" \/>\n\t<meta property=\"og:image:type\" content=\"image\/jpeg\" \/>\n<meta name=\"twitter:card\" content=\"summary_large_image\" \/>\n<meta name=\"twitter:label1\" content=\"Est. reading time\" \/>\n\t<meta name=\"twitter:data1\" content=\"1 minute\" \/>\n<script type=\"application\/ld+json\" class=\"yoast-schema-graph\">{\"@context\":\"https:\/\/schema.org\",\"@graph\":[{\"@type\":\"WebPage\",\"@id\":\"https:\/\/www.cromovens.hr\/en\/sibenska-privatna-gimnazija\/\",\"url\":\"https:\/\/www.cromovens.hr\/en\/sibenska-privatna-gimnazija\/\",\"name\":\"\u0160ibenska privatna gimnazija\",\"isPartOf\":{\"@id\":\"https:\/\/www.cromovens.hr\/en\/#website\"},\"primaryImageOfPage\":{\"@id\":\"https:\/\/www.cromovens.hr\/en\/sibenska-privatna-gimnazija\/#primaryimage\"},\"image\":{\"@id\":\"https:\/\/www.cromovens.hr\/en\/sibenska-privatna-gimnazija\/#primaryimage\"},\"thumbnailUrl\":\"https:\/\/www.cromovens.hr\/wp-content\/uploads\/2023\/03\/gimnazija_2.jpg\",\"datePublished\":\"2023-03-06T13:33:30+00:00\",\"dateModified\":\"2023-06-02T13:21:35+00:00\",\"description\":\"\u0160ibenska privatna gimnazija djeluje od 2006. Djelatnost se sastoji od redovitog gimnazijskog programa do u\u010deni\u010dkog servisa i obrazovnih programa za odrasle.\",\"breadcrumb\":{\"@id\":\"https:\/\/www.cromovens.hr\/en\/sibenska-privatna-gimnazija\/#breadcrumb\"},\"inLanguage\":\"en-US\",\"potentialAction\":[{\"@type\":\"ReadAction\",\"target\":[\"https:\/\/www.cromovens.hr\/en\/sibenska-privatna-gimnazija\/\"]}]},{\"@type\":\"ImageObject\",\"inLanguage\":\"en-US\",\"@id\":\"https:\/\/www.cromovens.hr\/en\/sibenska-privatna-gimnazija\/#primaryimage\",\"url\":\"https:\/\/www.cromovens.hr\/wp-content\/uploads\/2023\/03\/gimnazija_2.jpg\",\"contentUrl\":\"https:\/\/www.cromovens.hr\/wp-content\/uploads\/2023\/03\/gimnazija_2.jpg\",\"width\":1920,\"height\":525},{\"@type\":\"BreadcrumbList\",\"@id\":\"https:\/\/www.cromovens.hr\/en\/sibenska-privatna-gimnazija\/#breadcrumb\",\"itemListElement\":[{\"@type\":\"ListItem\",\"position\":1,\"name\":\"Home\",\"item\":\"https:\/\/www.cromovens.hr\/en\/homepage\/\"},{\"@type\":\"ListItem\",\"position\":2,\"name\":\"\u0160ibenska privatna gimnazija\"}]},{\"@type\":\"WebSite\",\"@id\":\"https:\/\/www.cromovens.hr\/en\/#website\",\"url\":\"https:\/\/www.cromovens.hr\/en\/\",\"name\":\"CroMovens\",\"description\":\"\",\"publisher\":{\"@id\":\"https:\/\/www.cromovens.hr\/en\/#organization\"},\"potentialAction\":[{\"@type\":\"SearchAction\",\"target\":{\"@type\":\"EntryPoint\",\"urlTemplate\":\"https:\/\/www.cromovens.hr\/en\/?s={search_term_string}\"},\"query-input\":{\"@type\":\"PropertyValueSpecification\",\"valueRequired\":true,\"valueName\":\"search_term_string\"}}],\"inLanguage\":\"en-US\"},{\"@type\":\"Organization\",\"@id\":\"https:\/\/www.cromovens.hr\/en\/#organization\",\"name\":\"CroMovens\",\"url\":\"https:\/\/www.cromovens.hr\/en\/\",\"logo\":{\"@type\":\"ImageObject\",\"inLanguage\":\"en-US\",\"@id\":\"https:\/\/www.cromovens.hr\/en\/#\/schema\/logo\/image\/\",\"url\":\"https:\/\/www.cromovens.hr\/wp-content\/uploads\/2023\/02\/Cromovens.svg\",\"contentUrl\":\"https:\/\/www.cromovens.hr\/wp-content\/uploads\/2023\/02\/Cromovens.svg\",\"width\":\"1024\",\"height\":\"1024\",\"caption\":\"CroMovens\"},\"image\":{\"@id\":\"https:\/\/www.cromovens.hr\/en\/#\/schema\/logo\/image\/\"}}]}<\/script>\n<!-- \/ Yoast SEO plugin. -->","yoast_head_json":{"title":"\u0160ibenska privatna gimnazija","description":"\u0160ibenska privatna gimnazija djeluje od 2006. Djelatnost se sastoji od redovitog gimnazijskog programa do u\u010deni\u010dkog servisa i obrazovnih programa za odrasle.","robots":{"index":"index","follow":"follow","max-snippet":"max-snippet:-1","max-image-preview":"max-image-preview:large","max-video-preview":"max-video-preview:-1"},"canonical":"https:\/\/www.cromovens.hr\/en\/sibenska-privatna-gimnazija\/","og_locale":"en_US","og_type":"article","og_title":"\u0160ibenska privatna gimnazija","og_description":"\u0160ibenska privatna gimnazija djeluje od 2006. Djelatnost se sastoji od redovitog gimnazijskog programa do u\u010deni\u010dkog servisa i obrazovnih programa za odrasle.","og_url":"https:\/\/www.cromovens.hr\/en\/sibenska-privatna-gimnazija\/","og_site_name":"CroMovens","article_modified_time":"2023-06-02T13:21:35+00:00","og_image":[{"width":1920,"height":525,"url":"https:\/\/www.cromovens.hr\/wp-content\/uploads\/2023\/03\/gimnazija_2.jpg","type":"image\/jpeg"}],"twitter_card":"summary_large_image","twitter_misc":{"Est. reading time":"1 minute"},"schema":{"@context":"https:\/\/schema.org","@graph":[{"@type":"WebPage","@id":"https:\/\/www.cromovens.hr\/en\/sibenska-privatna-gimnazija\/","url":"https:\/\/www.cromovens.hr\/en\/sibenska-privatna-gimnazija\/","name":"\u0160ibenska privatna gimnazija","isPartOf":{"@id":"https:\/\/www.cromovens.hr\/en\/#website"},"primaryImageOfPage":{"@id":"https:\/\/www.cromovens.hr\/en\/sibenska-privatna-gimnazija\/#primaryimage"},"image":{"@id":"https:\/\/www.cromovens.hr\/en\/sibenska-privatna-gimnazija\/#primaryimage"},"thumbnailUrl":"https:\/\/www.cromovens.hr\/wp-content\/uploads\/2023\/03\/gimnazija_2.jpg","datePublished":"2023-03-06T13:33:30+00:00","dateModified":"2023-06-02T13:21:35+00:00","description":"\u0160ibenska privatna gimnazija djeluje od 2006. Djelatnost se sastoji od redovitog gimnazijskog programa do u\u010deni\u010dkog servisa i obrazovnih programa za odrasle.","breadcrumb":{"@id":"https:\/\/www.cromovens.hr\/en\/sibenska-privatna-gimnazija\/#breadcrumb"},"inLanguage":"en-US","potentialAction":[{"@type":"ReadAction","target":["https:\/\/www.cromovens.hr\/en\/sibenska-privatna-gimnazija\/"]}]},{"@type":"ImageObject","inLanguage":"en-US","@id":"https:\/\/www.cromovens.hr\/en\/sibenska-privatna-gimnazija\/#primaryimage","url":"https:\/\/www.cromovens.hr\/wp-content\/uploads\/2023\/03\/gimnazija_2.jpg","contentUrl":"https:\/\/www.cromovens.hr\/wp-content\/uploads\/2023\/03\/gimnazija_2.jpg","width":1920,"height":525},{"@type":"BreadcrumbList","@id":"https:\/\/www.cromovens.hr\/en\/sibenska-privatna-gimnazija\/#breadcrumb","itemListElement":[{"@type":"ListItem","position":1,"name":"Home","item":"https:\/\/www.cromovens.hr\/en\/homepage\/"},{"@type":"ListItem","position":2,"name":"\u0160ibenska privatna gimnazija"}]},{"@type":"WebSite","@id":"https:\/\/www.cromovens.hr\/en\/#website","url":"https:\/\/www.cromovens.hr\/en\/","name":"CroMovens","description":"","publisher":{"@id":"https:\/\/www.cromovens.hr\/en\/#organization"},"potentialAction":[{"@type":"SearchAction","target":{"@type":"EntryPoint","urlTemplate":"https:\/\/www.cromovens.hr\/en\/?s={search_term_string}"},"query-input":{"@type":"PropertyValueSpecification","valueRequired":true,"valueName":"search_term_string"}}],"inLanguage":"en-US"},{"@type":"Organization","@id":"https:\/\/www.cromovens.hr\/en\/#organization","name":"CroMovens","url":"https:\/\/www.cromovens.hr\/en\/","logo":{"@type":"ImageObject","inLanguage":"en-US","@id":"https:\/\/www.cromovens.hr\/en\/#\/schema\/logo\/image\/","url":"https:\/\/www.cromovens.hr\/wp-content\/uploads\/2023\/02\/Cromovens.svg","contentUrl":"https:\/\/www.cromovens.hr\/wp-content\/uploads\/2023\/02\/Cromovens.svg","width":"1024","height":"1024","caption":"CroMovens"},"image":{"@id":"https:\/\/www.cromovens.hr\/en\/#\/schema\/logo\/image\/"}}]}},"_links":{"self":[{"href":"https:\/\/www.cromovens.hr\/en\/wp-json\/wp\/v2\/pages\/858","targetHints":{"allow":["GET"]}}],"collection":[{"href":"https:\/\/www.cromovens.hr\/en\/wp-json\/wp\/v2\/pages"}],"about":[{"href":"https:\/\/www.cromovens.hr\/en\/wp-json\/wp\/v2\/types\/page"}],"author":[{"embeddable":true,"href":"https:\/\/www.cromovens.hr\/en\/wp-json\/wp\/v2\/users\/1"}],"replies":[{"embeddable":true,"href":"https:\/\/www.cromovens.hr\/en\/wp-json\/wp\/v2\/comments?post=858"}],"version-history":[{"count":3,"href":"https:\/\/www.cromovens.hr\/en\/wp-json\/wp\/v2\/pages\/858\/revisions"}],"predecessor-version":[{"id":937,"href":"https:\/\/www.cromovens.hr\/en\/wp-json\/wp\/v2\/pages\/858\/revisions\/937"}],"wp:featuredmedia":[{"embeddable":true,"href":"https:\/\/www.cromovens.hr\/en\/wp-json\/wp\/v2\/media\/809"}],"wp:attachment":[{"href":"https:\/\/www.cromovens.hr\/en\/wp-json\/wp\/v2\/media?parent=858"}],"curies":[{"name":"wp","href":"https:\/\/api.w.org\/{rel}","templated":true}]}}